{"id":2354,"date":"2023-07-04T11:17:49","date_gmt":"2023-07-04T09:17:49","guid":{"rendered":"https:\/\/ibzyachtcharter.com\/?page_id=2354"},"modified":"2024-04-19T20:06:21","modified_gmt":"2024-04-19T18:06:21","slug":"politica-de-cookies","status":"publish","type":"page","link":"https:\/\/ibzyachtcharter.com\/en\/politica-de-cookies\/","title":{"rendered":"Pol\u00edtica de cookies"},"content":{"rendered":"\n<h1 class=\"wp-block-heading\"><\/h1>\n\n\n\n<p>Una cookie es un fichero que se descarga en el ordenador\/smartphone\/tablet del usuario al acceder a determinadas p\u00e1ginas web para almacenar y recuperar informaci\u00f3n sobre la navegaci\u00f3n que se efect\u00faa desde dicho equipo. Para conocer m\u00e1s informaci\u00f3n sobre las cookies, EBUSUS YACHT SERVICES SL le invita a acceder al siguiente enlace:\u00a0<a href=\"https:\/\/www.iabspain.net\/privacidadeninternet\/usuario\" target=\"_blank\" rel=\"noreferrer noopener\">https:\/\/www.iabspain.net\/privacidadeninternet\/usuario<\/a>.<\/p>\n\n\n\n<p>Si tiene dudas sobre esta pol\u00edtica de cookies, puede contactar con EBUSUS en el email info@ibzyachtcharter.com <\/p>\n\n\n\n<h2 class=\"wp-block-heading\">TIPOS DE COOKIES UTILIZADAS Y FINALIDADES<\/h2>\n\n\n\n<p>Unidad Editorial y otros terceros utilizan en este sitio web la siguiente tipolog\u00eda de cookies:<\/p>\n\n\n\n<ul class=\"wp-block-list\">\n<li>Estrictamente necesarias: tambi\u00e9n denominadas \u00abt\u00e9cnicas\u00bb o \u00abfuncionales\u00bb, son aqu\u00e9llas que permiten la navegaci\u00f3n a trav\u00e9s del sitio web, garantizan el correcto funcionamiento del mismo y la utilizaci\u00f3n de las diferentes opciones o servicios que en \u00e9l existen. Son cookies que permiten, por ejemplo, controlar el tr\u00e1fico y la comunicaci\u00f3n de datos, identificar la sesi\u00f3n, acceder a partes de acceso restringido, recordar los elementos que integran un pedido, realizar el proceso de compra, gestionar el pago, controlar el fraude vinculado a la seguridad del servicio, contar visitas a efectos de la facturaci\u00f3n de licencias del software con el que funciona el servicio, utilizar elementos de seguridad durante la navegaci\u00f3n, almacenar contenidos para la difusi\u00f3n de v\u00eddeos o sonido, habilitar contenidos din\u00e1micos (por ejemplo, animaci\u00f3n de carga de un texto o imagen) o compartir contenidos a trav\u00e9s de redes sociales. Si se desactivan estas cookies, no podr\u00e1 recibir correctamente nuestros contenidos y servicios.<\/li>\n\n\n\n<li>De configuraci\u00f3n: son aqu\u00e9llas que permiten recordar informaci\u00f3n para que el usuario acceda al servicio con determinadas caracter\u00edsticas que pueden diferenciar su experiencia de la de otros usuarios, como, por ejemplo, el idioma, el n\u00famero de resultados a mostrar cuando el usuario realiza una b\u00fasqueda, el aspecto o contenido del servicio en funci\u00f3n del tipo de navegador a trav\u00e9s del cual el usuario accede al servicio o de la regi\u00f3n desde la que accede al servicio, etc.En particular, se utilizan cookies de configuraci\u00f3n con la finalidad de:\n<ul class=\"wp-block-list\">\n<li><em>Almacenar o acceder a informaci\u00f3n en un dispositivo<\/em>: si el usuario presta su consentimiento, Unidad Editorial y otros terceros que utilicen este tipo de cookies podr\u00e1n almacenar y\/o acceder a informaci\u00f3n en su dispositivo a trav\u00e9s de otras cookies e identificadores instalados en dicho dispositivo.<\/li>\n\n\n\n<li><em>Analizar activamente las caracter\u00edsticas del dispositivo para su identificaci\u00f3n<\/em>: si el usuario lo autoriza, Unidad Editorial y otros terceros que hagan uso de este tipo de cookies podr\u00e1n&nbsp;<strong>(i)<\/strong>&nbsp;crear un identificador \u00fanico para su dispositivo a partir del an\u00e1lisis de las caracter\u00edsticas espec\u00edficas de aqu\u00e9l (p.ej. fuente de texto o resoluci\u00f3n de pantalla) y&nbsp;<strong>(ii)<\/strong>&nbsp;utilizar ese identificador para reconocer su dispositivo en posteriores visitas.<\/li>\n<\/ul>\n<\/li>\n\n\n\n<li>Anal\u00edticas o de medici\u00f3n: son aqu\u00e9llas que permiten el seguimiento y an\u00e1lisis del comportamiento del conjunto de los usuarios del sitio web, incluida la cuantificaci\u00f3n de los impactos de los anuncios. La informaci\u00f3n recogida mediante este tipo de cookies se utiliza en la medici\u00f3n de la actividad de los sitios web, aplicaci\u00f3n o plataforma, con el fin de introducir mejoras en funci\u00f3n del an\u00e1lisis de los datos de uso que hacen los usuarios del sitio web.En particular, se utilizan cookies anal\u00edticas o de medici\u00f3n con la finalidad de:\n<ul class=\"wp-block-list\">\n<li><em>Medir el rendimiento del contenido<\/em>: si el usuario presta su consentimiento, Unidad Editorial y otros terceros que utilicen este tipo de cookies podr\u00e1n examinar la efectividad y eficacia del contenido que aqu\u00e9l ve o con el que interact\u00faa. Para ello, se analizar\u00e1 qu\u00e9 contenido se mostr\u00f3, de qu\u00e9 modo, con qu\u00e9 frecuencia o durante cu\u00e1nto tiempo, cu\u00e1ndo y d\u00f3nde se mostr\u00f3 y c\u00f3mo se relacion\u00f3 con \u00e9l el usuario (p.ej., si hizo clic en el contenido) y se elaborar\u00e1n informes al respecto. Asimismo, la informaci\u00f3n obtenida a partir de dicho an\u00e1lisis podr\u00e1 ser combinada con otra que hubiera podido ser recabada previamente, tanto en otros sitios web o aplicaciones como por otros medios.<\/li>\n\n\n\n<li><em>Medir el rendimiento de los anuncios<\/em>: si el usuario lo autoriza, Unidad Editorial y otros terceros que utilicen este tipo de cookies podr\u00e1n analizar la efectividad y eficacia de los anuncios que se le muestran o con los que aqu\u00e9l interact\u00faa. A tal fin, podr\u00e1 examinarse qu\u00e9 anuncios se mostraron al usuario, con qu\u00e9 frecuencia, cu\u00e1ndo y d\u00f3nde se mostr\u00f3, la forma en que \u00e9ste se relacion\u00f3 con ellos (p.ej. si hizo clic en la publicidad o efectu\u00f3 una compra), durante cu\u00e1nto tiempo y si un concreto anuncio sirve o no en un determinado contexto y se elaborar\u00e1n informes al respecto. Asimismo, la informaci\u00f3n obtenida a partir de dicho an\u00e1lisis podr\u00e1 ser combinada con otra que hubiera podido ser recabada previamente, tanto en otros sitios web o aplicaciones como por otros medios.<\/li>\n\n\n\n<li><em>Utilizar estudios de mercado a fin de generar informaci\u00f3n sobre el p\u00fablico<\/em>: en el supuesto de que el usuario lo consienta, Unidad Editorial y otros terceros que utilicen este tipo de cookies podr\u00e1n obtener m\u00e1s informaci\u00f3n sobre el p\u00fablico que visita el sitio web y visualiza los anuncios que en \u00e9l se muestran. Para ello, puede elaborarse informaci\u00f3n agregada sobre el tipo y caracter\u00edsticas de la audiencia alcanzada por los anuncios, as\u00ed como la que interactu\u00f3 con ellos. La informaci\u00f3n agregada podr\u00e1 ser asociada y combinada con otra que hubiera podido ser recabada previamente, tanto en otros sitios web o aplicaciones como por otros medios, incluidas fuentes offline, a fin de llevar a cabo estudios de mercado y generar nueva informaci\u00f3n sobre el p\u00fablico.<\/li>\n\n\n\n<li><em>Almacenamiento y acceso a informaci\u00f3n de geolocalizaci\u00f3n para realizar estudios de mercado<\/em>: en caso de que el usuario lo autorice, nuestros socios de geomarketing podr\u00e1n recabar datos agregados y an\u00f3nimos de geolocalizaci\u00f3n, a fin de realizar estudios de mercado para sus propios clientes que ayuden a estos \u00faltimos tanto a alcanzar un entendimiento mayor del mercado y sus tendencias como a analizar el rendimiento de sus tiendas y competidores.<\/li>\n\n\n\n<li><em>Desarrollar y mejorar productos<\/em>: si el usuario presta su consentimiento, Unidad Editorial y otros terceros que utilicen este tipo de cookies podr\u00e1n utilizar la informaci\u00f3n recopilada a partir de su navegaci\u00f3n en el sitio web para&nbsp;<strong>(i)<\/strong>&nbsp;mejorar los productos y contenidos existentes con nuevas funcionalidades\/caracter\u00edsticas,&nbsp;<strong>(ii)<\/strong>&nbsp;desarrollar otros nuevos y&nbsp;<strong>(iii)<\/strong>&nbsp;crear nuevos modelos anal\u00edticos y algoritmos mediante t\u00e9cnicas de machine learning.<\/li>\n<\/ul>\n<\/li>\n\n\n\n<li>De publicidad comportamental: son aqu\u00e9llas que almacenan informaci\u00f3n del comportamiento de los usuarios obtenida a trav\u00e9s de la observaci\u00f3n continuada de sus h\u00e1bitos de navegaci\u00f3n, lo que permite desarrollar un perfil espec\u00edfico del usuario para mostrar publicidad y contenido personalizado en funci\u00f3n del mismo. Con ello se posibilita la gesti\u00f3n, de la forma m\u00e1s eficaz posible, de los espacios publicitarios y el contenido del sitio web seg\u00fan el perfil espec\u00edfico del usuario.En particular, se utilizan cookies de publicidad comportamental con la finalidad de:\n<ul class=\"wp-block-list\">\n<li><em>Crear un perfil para la personalizaci\u00f3n de contenidos<\/em>: si el usuario otorga su consentimiento, Unidad Editorial y otros terceros que utilicen este tipo de cookies podr\u00e1n elaborar y, en su caso, editar un perfil sobre \u00e9l y sus intereses, con el objetivo de poder mostrarle contenido personalizado con base en dicho perfil. A tal fin, se podr\u00e1 hacer uso de informaci\u00f3n relativa a la actividad anterior del usuario en este u otros sitios web o aplicaciones, sus intereses, ubicaci\u00f3n geogr\u00e1fica o de car\u00e1cter demogr\u00e1fico y combinarla con otra que hubiera podido ser recabada previamente, tanto en otros sitios web o aplicaciones como por otros medios.<\/li>\n\n\n\n<li><em>Crear un perfil publicitario personalizado<\/em>: en el supuesto de que el usuario as\u00ed lo consienta, Unidad Editorial y otros terceros que utilicen este tipo de cookies podr\u00e1n elaborar y, en su caso, editar un perfil sobre \u00e9l y sus intereses, a fin de mostrarle anuncios personalizados con base en dicho perfil. Para ello podr\u00e1 utilizarse informaci\u00f3n relativa a la actividad anterior del usuario en este u otros sitios web o aplicaciones, sus intereses, ubicaci\u00f3n geogr\u00e1fica o de car\u00e1cter demogr\u00e1fico y combinarla con otra que hubiera podido ser recabada previamente, tanto en otros sitios web o aplicaciones como por otros medios.Las dos finalidades anteriores buscan recopilar y tratar informaci\u00f3n sobre el usuario de un sitio web para personalizar posteriormente la publicidad que se le muestra en otros contextos, es decir, en otros sitios web o aplicaciones, a lo largo del tiempo. Normalmente, el contenido del sitio web o la aplicaci\u00f3n se utiliza para hacer inferencias sobre los intereses del usuario, que informan las futuras selecciones de contenido y de publicidad.La recogida de datos de navegaci\u00f3n y la generaci\u00f3n de perfiles de inter\u00e9s con t\u00e9cnicas de inferencia anal\u00edtica permite el uso de esos perfiles para personalizar campa\u00f1as publicitarias y contenido.<\/li>\n\n\n\n<li><em>Enriquecimiento de perfiles con informaci\u00f3n de terceros<\/em>: en caso de que los usuarios lo autoricen, Unidad Editorial podr\u00e1 enriquecer el perfil cuya elaboraci\u00f3n, en su caso, haya autorizado el usuario, a partir de informaci\u00f3n personal proporcionada por terceros que previamente hayan obtenido su consentimiento para elaborar un perfil propio y comunic\u00e1rselo a Unidad Editorial. Con ello se persigue ajustar el perfil espec\u00edfico del usuario para mostrarle publicidad y contenido personalizado en funci\u00f3n del mismo.<\/li>\n\n\n\n<li><em>Compartir tus an\u00e1lisis de navegaci\u00f3n y grupos de inter\u00e9s con terceros<\/em>: si el usuario lo consiente, los perfiles de inter\u00e9s inferidos por Unidad Editorial mediante la recogida de datos de navegaci\u00f3n y la aplicaci\u00f3n de t\u00e9cnicas de inferencia anal\u00edtica pueden ser compartidos con terceros.<\/li>\n\n\n\n<li><em>Seleccionar anuncios b\u00e1sicos<\/em>: en caso de que el usuario lo autorice, Unidad Editorial y otros terceros que utilicen este tipo de cookies podr\u00e1n mostrar unos anuncios u otros en funci\u00f3n del contenido que aqu\u00e9l est\u00e9 visualizando, su localizaci\u00f3n geogr\u00e1fica aproximada, el tipo de dispositivo utilizado y sus funcionalidades, la URL y la direcci\u00f3n IP. Adem\u00e1s, podr\u00e1n controlarse la frecuencia y el orden con el que se muestran los anuncios al usuario y evitar que esa publicidad se muestre en contextos inadecuados.<\/li>\n\n\n\n<li><em>Seleccionar anuncios personalizados<\/em>: si el usuario presta su consentimiento, Unidad Editorial y otros terceros que utilicen este tipo de cookies podr\u00e1n mostrarle anuncios personalizados bas\u00e1ndose en su perfil publicitario, as\u00ed como en otros datos hist\u00f3ricos de dicho usuario ?actividad anterior en este u otros sitios web, sus intereses, visitas a otras p\u00e1ginas o aplicaciones, ubicaci\u00f3n geogr\u00e1fica o informaci\u00f3n demogr\u00e1fica-.<\/li>\n\n\n\n<li><em>Seleccionar contenido personalizado<\/em>: si el usuario as\u00ed lo autoriza, Unidad Editorial y otros terceros que utilicen este tipo de cookies podr\u00e1n mostrarle contenido personalizado bas\u00e1ndose en su perfil u otros datos hist\u00f3ricos de aqu\u00e9l ?actividad anterior en este u otros sitios web, sus intereses, visitas a otras p\u00e1ginas o aplicaciones, ubicaci\u00f3n geogr\u00e1fica o informaci\u00f3n demogr\u00e1fica-.<\/li>\n\n\n\n<li><em>Almacenamiento y acceso a informaci\u00f3n de geolocalizaci\u00f3n con prop\u00f3sitos de publicidad dirigida<\/em>: en caso de que el usuario lo consienta, nuestros socios de geomarketing podr\u00e1n mostrarle, en nombre de sus propios clientes, publicidad personalizada con base en sus intereses, as\u00ed como ofertas comerciales disponibles a su alrededor.<\/li>\n<\/ul>\n<\/li>\n\n\n\n<li>De localizaci\u00f3n geogr\u00e1fica: son aqu\u00e9llas que permiten su localizaci\u00f3n geogr\u00e1fica precisa para el cumplimiento de varias de las finalidades anteriores, tales como mostrarle publicidad relacionada con el lugar en que se encuentre o en el idioma de dicho lugar.<\/li>\n<\/ul>\n\n\n\n<p>Asimismo, los datos obtenidos a partir de las finalidades que el usuario haya, en su caso, consentido, tambi\u00e9n podr\u00e1n ser utilizados por Unidad Editorial y otros terceros con los siguientes prop\u00f3sitos:<\/p>\n\n\n\n<ul class=\"wp-block-list\">\n<li><em>Cotejar y combinar fuentes de datos offline<\/em>: combinar informaci\u00f3n obtenida de fuentes offline con datos recogidos online a partir de su navegaci\u00f3n por el sitio web para utilizarla con una o m\u00e1s del resto de finalidades expuestas en esta pol\u00edtica de cookies.<\/li>\n\n\n\n<li><em>Garantizar la seguridad, evitar fraudes y depurar errores<\/em>: realizar tareas de supervisi\u00f3n de la actividad en el sitio web para (i) asegurar que los datos se transmitan de forma segura, (ii) detectar y evitar actividades maliciosas, fraudulentas, inaceptables o ilegales y (iii) asegurar que los sistemas y procesos vinculados al mismo funcionen de forma correcta, segura y eficaz.<\/li>\n\n\n\n<li><em>Recibir y utilizar para su identificaci\u00f3n las caracter\u00edsticas del dispositivo que se env\u00edan autom\u00e1ticamente<\/em>: crear un identificador de su dispositivo utilizando datos relativos a las caracter\u00edsticas espec\u00edficas del mismo recopilados autom\u00e1ticamente (p.ej. direcci\u00f3n IP o tipo de navegador) y usarlo para volver a identificar dicho dispositivo.<\/li>\n\n\n\n<li><em>Servir t\u00e9cnicamente anuncios o contenido<\/em>: enviar y recibir informaci\u00f3n que le permita ver e interactuar con anuncios y contenidos. Para ello, se puede (i) utilizar la direcci\u00f3n IP del usuario para mostrarle contenido o anuncios a trav\u00e9s de internet, (ii) responder a la interacci\u00f3n de dicho usuario con tal contenido o anuncios redirigi\u00e9ndole a la p\u00e1gina web de destino y (iii) utilizar informaci\u00f3n sobre el tipo de dispositivo y sus capacidades para mostrar contenido o anuncios (p.ej. mostrar publicidad o v\u00eddeos en un tama\u00f1o y formato compatible con el dispositivo).<\/li>\n\n\n\n<li><em>Vincular diferentes dispositivos<\/em>: determinar de forma inequ\u00edvoca o probabil\u00edstica que dos o m\u00e1s dispositivos pertenecen al mismo usuario u hogar. Para ello, si el usuario lo ha consentido, pueden analizarse las caracter\u00edsticas de los dispositivos a fin de identificarlos.<\/li>\n<\/ul>\n\n\n\n<p>(*) La informaci\u00f3n obtenida a trav\u00e9s de todas estas cookies, referida al equipo del usuario, podr\u00e1 ser combinada con sus datos personales s\u00f3lo si Ud. est\u00e1 registrado en este sitio web, de acuerdo con lo establecido en la Pol\u00edtica de Privacidad.<\/p>\n\n\n\n<h2 class=\"wp-block-heading\">C\u00d3MO GESTIONAR LAS COOKIES<\/h2>\n\n\n\n<p>Puede desactivar las cookies de preferencias, de an\u00e1lisis y de publicidad comportamental sin que afecte al funcionamiento del sitio web; sin embargo, la informaci\u00f3n captada por estas cookies sobre el uso de nuestra web y sobre el \u00e9xito de los anuncios mostrados en ella permite mejorar nuestros servicios y obtener ingresos que nos permiten ofrecerle de forma gratuita muchos contenidos.<\/p>\n\n\n\n<p>El usuario podr\u00e1 elegir qu\u00e9 cookies quiere que funcionen en este sitio web mediante:<\/p>\n\n\n\n<ul class=\"wp-block-list\">\n<li>El panel de configuraci\u00f3n de cookies de Unidad Editorial al que puede acceder aqu\u00ed;<\/li>\n\n\n\n<li>La configuraci\u00f3n del navegador; por ejemplo:\n<ul class=\"wp-block-list\">\n<li><strong>Chrome<\/strong>, desde&nbsp;<a href=\"https:\/\/support.google.com\/chrome\/answer\/95647?hl=es\" target=\"_blank\" rel=\"noreferrer noopener\">https:\/\/support.google.com\/chrome\/answer\/95647?hl=es<\/a><\/li>\n\n\n\n<li><strong>Explorer<\/strong>, desde&nbsp;<a href=\"https:\/\/support.microsoft.com\/es-es\/help\/17442\/windows-internet-explorer-delete-manage-cookies\" target=\"_blank\" rel=\"noreferrer noopener\">https:\/\/support.microsoft.com\/es-es\/help\/17442\/windows-internet-explorer-delete-manage-cookies<\/a><\/li>\n\n\n\n<li><strong>Firefox<\/strong>, desde&nbsp;<a href=\"https:\/\/support.mozilla.org\/es\/kb\/habilitar-y-deshabilitar-cookies-sitios-web-rastrear-preferencias?redirectslug=habilitar-y-deshabilitar-cookies-que-los-sitios-we&amp;redirectlocale=es\" target=\"_blank\" rel=\"noreferrer noopener\">https:\/\/support.mozilla.org\/es\/kb\/habilitar-y-deshabilitar-cookies-sitios-web-rastrear-preferencias?redirectslug=habilitar-y-deshabilitar-cookies-que-los-sitios-we&amp;redirectlocale=es<\/a><\/li>\n<\/ul>\n<\/li>\n\n\n\n<li>Otras herramientas de terceros, disponibles online, que permiten a los usuarios detectar las cookies en cada sitio web que visita y gestionar su desactivaci\u00f3n (por ejemplo, Ghostery&nbsp;<a href=\"https:\/\/www.ghostery.com\/about-ghostery\/privacy-statements\/\" target=\"_blank\" rel=\"noreferrer noopener\">https:\/\/www.ghostery.com\/about-ghostery\/privacy-statements\/<\/a>)<\/li>\n<\/ul>\n\n\n\n<p>Asimismo, el usuario puede activar:<\/p>\n\n\n\n<ul class=\"wp-block-list\">\n<li>La navegaci\u00f3n privada, mediante la cual su navegador deja de guardar el historial de navegaci\u00f3n, contrase\u00f1as de sitios web, cookies y otra informaci\u00f3n de las p\u00e1ginas que visita; o<\/li>\n\n\n\n<li>La funci\u00f3n de no rastrear, por la que el navegador pide a los sitios web que visita que no rastreen sus h\u00e1bitos de navegaci\u00f3n para, por ejemplo, servirle publicidad de su inter\u00e9s en los sitios que visita.<\/li>\n<\/ul>\n","protected":false},"excerpt":{"rendered":"<p>Una cookie es un fichero que se descarga en el ordenador\/smartphone\/tablet del usuario al acceder a determinadas p\u00e1ginas web para almacenar y recuperar informaci\u00f3n sobre la navegaci\u00f3n que se efect\u00faa desde dicho equipo. Para conocer m\u00e1s informaci\u00f3n sobre las cookies, EBUSUS YACHT SERVICES SL le invita a acceder al siguiente enlace:\u00a0https:\/\/www.iabspain.net\/privacidadeninternet\/usuario. Si tiene dudas sobre [&hellip;]<\/p>\n","protected":false},"author":1,"featured_media":0,"parent":0,"menu_order":0,"comment_status":"closed","ping_status":"closed","template":"","meta":{"_acf_changed":false,"_et_pb_use_builder":"off","_et_pb_old_content":"","_et_gb_content_width":"","footnotes":""},"class_list":["post-2354","page","type-page","status-publish","hentry"],"acf":[],"yoast_head":"<!-- This site is optimized with the Yoast SEO plugin v22.5 - https:\/\/yoast.com\/wordpress\/plugins\/seo\/ -->\n<title>Pol\u00edtica de cookies - Ibiza Yacht charter - Alquiler de yates en Ibiza<\/title>\n<meta name=\"robots\" content=\"noindex, nofollow\" \/>\n<meta property=\"og:locale\" content=\"en_US\" \/>\n<meta property=\"og:type\" content=\"article\" \/>\n<meta property=\"og:title\" content=\"Pol\u00edtica de cookies - Ibiza Yacht charter - Alquiler de yates en Ibiza\" \/>\n<meta property=\"og:description\" content=\"Una cookie es un fichero que se descarga en el ordenador\/smartphone\/tablet del usuario al acceder a determinadas p\u00e1ginas web para almacenar y recuperar informaci\u00f3n sobre la navegaci\u00f3n que se efect\u00faa desde dicho equipo. Para conocer m\u00e1s informaci\u00f3n sobre las cookies, EBUSUS YACHT SERVICES SL le invita a acceder al siguiente enlace:\u00a0https:\/\/www.iabspain.net\/privacidadeninternet\/usuario. Si tiene dudas sobre [&hellip;]\" \/>\n<meta property=\"og:site_name\" content=\"Ibiza Yacht charter - Alquiler de yates en Ibiza\" \/>\n<meta property=\"article:publisher\" content=\"https:\/\/www.facebook.com\/ibzyachtcharter\" \/>\n<meta property=\"article:modified_time\" content=\"2024-04-19T18:06:21+00:00\" \/>\n<meta name=\"twitter:card\" content=\"summary_large_image\" \/>\n<meta name=\"twitter:label1\" content=\"Est. reading time\" \/>\n\t<meta name=\"twitter:data1\" content=\"11 minutes\" \/>\n<script type=\"application\/ld+json\" class=\"yoast-schema-graph\">{\"@context\":\"https:\/\/schema.org\",\"@graph\":[{\"@type\":\"WebPage\",\"@id\":\"https:\/\/ibzyachtcharter.com\/politica-de-cookies\/\",\"url\":\"https:\/\/ibzyachtcharter.com\/politica-de-cookies\/\",\"name\":\"Pol\u00edtica de cookies - Ibiza Yacht charter - Alquiler de yates en Ibiza\",\"isPartOf\":{\"@id\":\"https:\/\/ibzyachtcharter.com\/#website\"},\"datePublished\":\"2023-07-04T09:17:49+00:00\",\"dateModified\":\"2024-04-19T18:06:21+00:00\",\"breadcrumb\":{\"@id\":\"https:\/\/ibzyachtcharter.com\/politica-de-cookies\/#breadcrumb\"},\"inLanguage\":\"en-US\",\"potentialAction\":[{\"@type\":\"ReadAction\",\"target\":[\"https:\/\/ibzyachtcharter.com\/politica-de-cookies\/\"]}]},{\"@type\":\"BreadcrumbList\",\"@id\":\"https:\/\/ibzyachtcharter.com\/politica-de-cookies\/#breadcrumb\",\"itemListElement\":[{\"@type\":\"ListItem\",\"position\":1,\"name\":\"Portada\",\"item\":\"https:\/\/ibzyachtcharter.com\/\"},{\"@type\":\"ListItem\",\"position\":2,\"name\":\"Pol\u00edtica de cookies\"}]},{\"@type\":\"WebSite\",\"@id\":\"https:\/\/ibzyachtcharter.com\/#website\",\"url\":\"https:\/\/ibzyachtcharter.com\/\",\"name\":\"Ibiza Yacht charter - Alquiler de yates en Ibiza\",\"description\":\"Yacht charter in Ibiza with the best service on board.\",\"alternateName\":\"IbzYachtCharter Ibiza\",\"potentialAction\":[{\"@type\":\"SearchAction\",\"target\":{\"@type\":\"EntryPoint\",\"urlTemplate\":\"https:\/\/ibzyachtcharter.com\/?s={search_term_string}\"},\"query-input\":\"required name=search_term_string\"}],\"inLanguage\":\"en-US\"}]}<\/script>\n<!-- \/ Yoast SEO plugin. -->","yoast_head_json":{"title":"Pol\u00edtica de cookies - Ibiza Yacht charter - Alquiler de yates en Ibiza","robots":{"index":"noindex","follow":"nofollow"},"og_locale":"en_US","og_type":"article","og_title":"Pol\u00edtica de cookies - Ibiza Yacht charter - Alquiler de yates en Ibiza","og_description":"Una cookie es un fichero que se descarga en el ordenador\/smartphone\/tablet del usuario al acceder a determinadas p\u00e1ginas web para almacenar y recuperar informaci\u00f3n sobre la navegaci\u00f3n que se efect\u00faa desde dicho equipo. Para conocer m\u00e1s informaci\u00f3n sobre las cookies, EBUSUS YACHT SERVICES SL le invita a acceder al siguiente enlace:\u00a0https:\/\/www.iabspain.net\/privacidadeninternet\/usuario. Si tiene dudas sobre [&hellip;]","og_site_name":"Ibiza Yacht charter - Alquiler de yates en Ibiza","article_publisher":"https:\/\/www.facebook.com\/ibzyachtcharter","article_modified_time":"2024-04-19T18:06:21+00:00","twitter_card":"summary_large_image","twitter_misc":{"Est. reading time":"11 minutes"},"schema":{"@context":"https:\/\/schema.org","@graph":[{"@type":"WebPage","@id":"https:\/\/ibzyachtcharter.com\/politica-de-cookies\/","url":"https:\/\/ibzyachtcharter.com\/politica-de-cookies\/","name":"Pol\u00edtica de cookies - Ibiza Yacht charter - Alquiler de yates en Ibiza","isPartOf":{"@id":"https:\/\/ibzyachtcharter.com\/#website"},"datePublished":"2023-07-04T09:17:49+00:00","dateModified":"2024-04-19T18:06:21+00:00","breadcrumb":{"@id":"https:\/\/ibzyachtcharter.com\/politica-de-cookies\/#breadcrumb"},"inLanguage":"en-US","potentialAction":[{"@type":"ReadAction","target":["https:\/\/ibzyachtcharter.com\/politica-de-cookies\/"]}]},{"@type":"BreadcrumbList","@id":"https:\/\/ibzyachtcharter.com\/politica-de-cookies\/#breadcrumb","itemListElement":[{"@type":"ListItem","position":1,"name":"Portada","item":"https:\/\/ibzyachtcharter.com\/"},{"@type":"ListItem","position":2,"name":"Pol\u00edtica de cookies"}]},{"@type":"WebSite","@id":"https:\/\/ibzyachtcharter.com\/#website","url":"https:\/\/ibzyachtcharter.com\/","name":"Ibiza Yacht charter - Alquiler de yates en Ibiza","description":"Yacht charter in Ibiza with the best service on board.","alternateName":"IbzYachtCharter Ibiza","potentialAction":[{"@type":"SearchAction","target":{"@type":"EntryPoint","urlTemplate":"https:\/\/ibzyachtcharter.com\/?s={search_term_string}"},"query-input":"required name=search_term_string"}],"inLanguage":"en-US"}]}},"_links":{"self":[{"href":"https:\/\/ibzyachtcharter.com\/en\/wp-json\/wp\/v2\/pages\/2354","targetHints":{"allow":["GET"]}}],"collection":[{"href":"https:\/\/ibzyachtcharter.com\/en\/wp-json\/wp\/v2\/pages"}],"about":[{"href":"https:\/\/ibzyachtcharter.com\/en\/wp-json\/wp\/v2\/types\/page"}],"author":[{"embeddable":true,"href":"https:\/\/ibzyachtcharter.com\/en\/wp-json\/wp\/v2\/users\/1"}],"replies":[{"embeddable":true,"href":"https:\/\/ibzyachtcharter.com\/en\/wp-json\/wp\/v2\/comments?post=2354"}],"version-history":[{"count":1,"href":"https:\/\/ibzyachtcharter.com\/en\/wp-json\/wp\/v2\/pages\/2354\/revisions"}],"predecessor-version":[{"id":3247,"href":"https:\/\/ibzyachtcharter.com\/en\/wp-json\/wp\/v2\/pages\/2354\/revisions\/3247"}],"wp:attachment":[{"href":"https:\/\/ibzyachtcharter.com\/en\/wp-json\/wp\/v2\/media?parent=2354"}],"curies":[{"name":"wp","href":"https:\/\/api.w.org\/{rel}","templated":true}]}}