{"id":2123,"date":"2023-05-22T13:28:50","date_gmt":"2023-05-22T11:28:50","guid":{"rendered":"https:\/\/ibzyachtcharter.com\/privacy-policy\/"},"modified":"2024-04-19T20:07:23","modified_gmt":"2024-04-19T18:07:23","slug":"privacy-policy","status":"publish","type":"page","link":"https:\/\/ibzyachtcharter.com\/en\/privacy-policy\/","title":{"rendered":"Privacy Policy"},"content":{"rendered":"<p>[et_pb_section fb_built=&#8221;1&#8243; _builder_version=&#8221;4.20.4&#8243; _module_preset=&#8221;default&#8221; global_colors_info=&#8221;{}&#8221;][et_pb_row _builder_version=&#8221;4.20.4&#8243; _module_preset=&#8221;default&#8221; global_colors_info=&#8221;{}&#8221;][et_pb_column type=&#8221;4_4&#8243; _builder_version=&#8221;4.20.4&#8243; _module_preset=&#8221;default&#8221; global_colors_info=&#8221;{}&#8221;][et_pb_post_title meta=&#8221;off&#8221; featured_image=&#8221;off&#8221; _builder_version=&#8221;4.20.4&#8243; _module_preset=&#8221;default&#8221; hover_enabled=&#8221;0&#8243; global_colors_info=&#8221;{}&#8221; title_font=&#8221;|700|||||||&#8221; title_font_size=&#8221;33px&#8221; sticky_enabled=&#8221;0&#8243;][\/et_pb_post_title][et_pb_text _builder_version=&#8221;4.20.4&#8243; _module_preset=&#8221;default&#8221; global_colors_info=&#8221;{}&#8221;]<\/p>\n<p><strong>IDENTIDAD DEL RESPONSABLE DEL TRATAMIENTO<\/strong><\/p>\n<p>EBUSUS YACHT SERVICES SL with CIF B57895864, hereinafter EBUSUS, with address in Ibiza (Balearic Islands), in Calle Avestruz 13 , 07840, Santa Eularia des Riu, Ibiza, Balearic Islands Spain, and email info@ibzyachtcharter.com, is the Owner of this Website and Responsible for the Processing of Personal Data of the User and informs you that the information provided will be treated in accordance with the provisions of the EU Data Protection Regulation 679\/2016 and the Organic Law 3\/2018 on the Protection of Personal Data and guarantee of digital rights), informing you that:<br \/><strong><br \/>2. PURPOSES AND LEGITIMACY OF THE PROCESSING<\/strong><\/p>\n<p>Offer you a better user experience through improvements that we implement in the interface and web operations Send you informative and\/or promotional communications if you provide your contact information and consent.<br \/><strong><br \/>3. CONSERVATION PERIODS<\/strong><\/p>\n<p>The data provided will be kept until the User requests the deletion of his\/her data. Once the data subject has informed us of the deletion of his or her data, we will proceed to block and subsequently cancel the data in our files or return to the data owner, as the case may be, the media on which the information provided was collected, without allowing the retention of copies of such information.<\/p>\n<p><strong>4. COMMUNICATION OF DATA TO THIRD PARTIES<\/strong><\/p>\n<p>Your data will only be used for the aforementioned purposes and will not be disclosed to third parties, except for those communications to the Authorities, Agencies or Offices of the Public Administrations that were consented by the User or person authorized by him\/her for the proper fulfillment of the obligations arising from the services provided, or that are mandatory or authorized by law.<br \/><strong><br \/>5. DUTY OF CONFIDENTIALITY<\/strong><\/p>\n<p>The RESPTTO guarantees the confidentiality of the personal data contained in its files and will adopt the regulatory measures to avoid, as far as possible, their alteration, loss, processing or unauthorized access.<\/p>\n<p><strong>6. EXERCISE OF RIGHTS<\/strong><\/p>\n<p>The User has the right to access his\/her personal data, rectify inaccurate data or request its deletion when the data is no longer necessary. En determinadas ocasiones los interesados podr\u00e1n solicitar la limitaci\u00f3n del tratamiento de sus datos, en cuyo caso \u00fanicamente los conservaremos para el ejercicio o la defensa de reclamaciones. The User may exercise his rights by sending his request in writing and sufficiently identifying himself to the e-mail address info@ibzyachtcharter.com. You also have the right to withdraw your consent to the processing of your personal data at any time and to file a complaint with the Supervisory Authority.<\/p>\n<p>[\/et_pb_text][\/et_pb_column][\/et_pb_row][\/et_pb_section]<\/p>\n","protected":false},"excerpt":{"rendered":"<p>[et_pb_section fb_built=&#8221;1&#8243; _builder_version=&#8221;4.20.4&#8243; _module_preset=&#8221;default&#8221; global_colors_info=&#8221;{}&#8221;][et_pb_row _builder_version=&#8221;4.20.4&#8243; _module_preset=&#8221;default&#8221; global_colors_info=&#8221;{}&#8221;][et_pb_column type=&#8221;4_4&#8243; _builder_version=&#8221;4.20.4&#8243; _module_preset=&#8221;default&#8221; global_colors_info=&#8221;{}&#8221;][et_pb_post_title meta=&#8221;off&#8221; featured_image=&#8221;off&#8221; _builder_version=&#8221;4.20.4&#8243; _module_preset=&#8221;default&#8221; hover_enabled=&#8221;0&#8243; global_colors_info=&#8221;{}&#8221; title_font=&#8221;|700|||||||&#8221; title_font_size=&#8221;33px&#8221; sticky_enabled=&#8221;0&#8243;][\/et_pb_post_title][et_pb_text _builder_version=&#8221;4.20.4&#8243; _module_preset=&#8221;default&#8221; global_colors_info=&#8221;{}&#8221;] IDENTIDAD DEL RESPONSABLE DEL TRATAMIENTO EBUSUS YACHT SERVICES SL with CIF B57895864, hereinafter EBUSUS, with address in Ibiza (Balearic Islands), in Calle Avestruz 13 , 07840, Santa Eularia des Riu, Ibiza, [&hellip;]<\/p>\n","protected":false},"author":1,"featured_media":0,"parent":0,"menu_order":0,"comment_status":"closed","ping_status":"closed","template":"","meta":{"_acf_changed":false,"_et_pb_use_builder":"off","_et_pb_old_content":"","_et_gb_content_width":"","footnotes":""},"class_list":["post-2123","page","type-page","status-publish","hentry"],"acf":[],"yoast_head":"<!-- This site is optimized with the Yoast SEO plugin v22.5 - https:\/\/yoast.com\/wordpress\/plugins\/seo\/ -->\n<title>Privacy Policy - Ibiza Yacht charter - Alquiler de yates en Ibiza<\/title>\n<meta name=\"robots\" content=\"noindex, nofollow\" \/>\n<meta property=\"og:locale\" content=\"en_US\" \/>\n<meta property=\"og:type\" content=\"article\" \/>\n<meta property=\"og:title\" content=\"Privacy Policy - Ibiza Yacht charter - Alquiler de yates en Ibiza\" \/>\n<meta property=\"og:description\" content=\"[et_pb_section fb_built=&#8221;1&#8243; _builder_version=&#8221;4.20.4&#8243; _module_preset=&#8221;default&#8221; global_colors_info=&#8221;{}&#8221;][et_pb_row _builder_version=&#8221;4.20.4&#8243; _module_preset=&#8221;default&#8221; global_colors_info=&#8221;{}&#8221;][et_pb_column type=&#8221;4_4&#8243; _builder_version=&#8221;4.20.4&#8243; _module_preset=&#8221;default&#8221; global_colors_info=&#8221;{}&#8221;][et_pb_post_title meta=&#8221;off&#8221; featured_image=&#8221;off&#8221; _builder_version=&#8221;4.20.4&#8243; _module_preset=&#8221;default&#8221; hover_enabled=&#8221;0&#8243; global_colors_info=&#8221;{}&#8221; title_font=&#8221;|700|||||||&#8221; title_font_size=&#8221;33px&#8221; sticky_enabled=&#8221;0&#8243;][\/et_pb_post_title][et_pb_text _builder_version=&#8221;4.20.4&#8243; _module_preset=&#8221;default&#8221; global_colors_info=&#8221;{}&#8221;] IDENTIDAD DEL RESPONSABLE DEL TRATAMIENTO EBUSUS YACHT SERVICES SL with CIF B57895864, hereinafter EBUSUS, with address in Ibiza (Balearic Islands), in Calle Avestruz 13 , 07840, Santa Eularia des Riu, Ibiza, [&hellip;]\" \/>\n<meta property=\"og:site_name\" content=\"Ibiza Yacht charter - Alquiler de yates en Ibiza\" \/>\n<meta property=\"article:publisher\" content=\"https:\/\/www.facebook.com\/ibzyachtcharter\" \/>\n<meta property=\"article:modified_time\" content=\"2024-04-19T18:07:23+00:00\" \/>\n<meta name=\"twitter:card\" content=\"summary_large_image\" \/>\n<meta name=\"twitter:label1\" content=\"Est. reading time\" \/>\n\t<meta name=\"twitter:data1\" content=\"3 minutes\" \/>\n<script type=\"application\/ld+json\" class=\"yoast-schema-graph\">{\"@context\":\"https:\/\/schema.org\",\"@graph\":[{\"@type\":\"WebPage\",\"@id\":\"https:\/\/ibzyachtcharter.com\/en\/privacy-policy\/\",\"url\":\"https:\/\/ibzyachtcharter.com\/en\/privacy-policy\/\",\"name\":\"Privacy Policy - Ibiza Yacht charter - Alquiler de yates en Ibiza\",\"isPartOf\":{\"@id\":\"https:\/\/ibzyachtcharter.com\/#website\"},\"datePublished\":\"2023-05-22T11:28:50+00:00\",\"dateModified\":\"2024-04-19T18:07:23+00:00\",\"breadcrumb\":{\"@id\":\"https:\/\/ibzyachtcharter.com\/en\/privacy-policy\/#breadcrumb\"},\"inLanguage\":\"en-US\",\"potentialAction\":[{\"@type\":\"ReadAction\",\"target\":[\"https:\/\/ibzyachtcharter.com\/en\/privacy-policy\/\"]}]},{\"@type\":\"BreadcrumbList\",\"@id\":\"https:\/\/ibzyachtcharter.com\/en\/privacy-policy\/#breadcrumb\",\"itemListElement\":[{\"@type\":\"ListItem\",\"position\":1,\"name\":\"Portada\",\"item\":\"https:\/\/ibzyachtcharter.com\/\"},{\"@type\":\"ListItem\",\"position\":2,\"name\":\"Privacy Policy\"}]},{\"@type\":\"WebSite\",\"@id\":\"https:\/\/ibzyachtcharter.com\/#website\",\"url\":\"https:\/\/ibzyachtcharter.com\/\",\"name\":\"Ibiza Yacht charter - Alquiler de yates en Ibiza\",\"description\":\"Yacht charter in Ibiza with the best service on board.\",\"alternateName\":\"IbzYachtCharter Ibiza\",\"potentialAction\":[{\"@type\":\"SearchAction\",\"target\":{\"@type\":\"EntryPoint\",\"urlTemplate\":\"https:\/\/ibzyachtcharter.com\/?s={search_term_string}\"},\"query-input\":\"required name=search_term_string\"}],\"inLanguage\":\"en-US\"}]}<\/script>\n<!-- \/ Yoast SEO plugin. -->","yoast_head_json":{"title":"Privacy Policy - Ibiza Yacht charter - Alquiler de yates en Ibiza","robots":{"index":"noindex","follow":"nofollow"},"og_locale":"en_US","og_type":"article","og_title":"Privacy Policy - Ibiza Yacht charter - Alquiler de yates en Ibiza","og_description":"[et_pb_section fb_built=&#8221;1&#8243; _builder_version=&#8221;4.20.4&#8243; _module_preset=&#8221;default&#8221; global_colors_info=&#8221;{}&#8221;][et_pb_row _builder_version=&#8221;4.20.4&#8243; _module_preset=&#8221;default&#8221; global_colors_info=&#8221;{}&#8221;][et_pb_column type=&#8221;4_4&#8243; _builder_version=&#8221;4.20.4&#8243; _module_preset=&#8221;default&#8221; global_colors_info=&#8221;{}&#8221;][et_pb_post_title meta=&#8221;off&#8221; featured_image=&#8221;off&#8221; _builder_version=&#8221;4.20.4&#8243; _module_preset=&#8221;default&#8221; hover_enabled=&#8221;0&#8243; global_colors_info=&#8221;{}&#8221; title_font=&#8221;|700|||||||&#8221; title_font_size=&#8221;33px&#8221; sticky_enabled=&#8221;0&#8243;][\/et_pb_post_title][et_pb_text _builder_version=&#8221;4.20.4&#8243; _module_preset=&#8221;default&#8221; global_colors_info=&#8221;{}&#8221;] IDENTIDAD DEL RESPONSABLE DEL TRATAMIENTO EBUSUS YACHT SERVICES SL with CIF B57895864, hereinafter EBUSUS, with address in Ibiza (Balearic Islands), in Calle Avestruz 13 , 07840, Santa Eularia des Riu, Ibiza, [&hellip;]","og_site_name":"Ibiza Yacht charter - Alquiler de yates en Ibiza","article_publisher":"https:\/\/www.facebook.com\/ibzyachtcharter","article_modified_time":"2024-04-19T18:07:23+00:00","twitter_card":"summary_large_image","twitter_misc":{"Est. reading time":"3 minutes"},"schema":{"@context":"https:\/\/schema.org","@graph":[{"@type":"WebPage","@id":"https:\/\/ibzyachtcharter.com\/en\/privacy-policy\/","url":"https:\/\/ibzyachtcharter.com\/en\/privacy-policy\/","name":"Privacy Policy - Ibiza Yacht charter - Alquiler de yates en Ibiza","isPartOf":{"@id":"https:\/\/ibzyachtcharter.com\/#website"},"datePublished":"2023-05-22T11:28:50+00:00","dateModified":"2024-04-19T18:07:23+00:00","breadcrumb":{"@id":"https:\/\/ibzyachtcharter.com\/en\/privacy-policy\/#breadcrumb"},"inLanguage":"en-US","potentialAction":[{"@type":"ReadAction","target":["https:\/\/ibzyachtcharter.com\/en\/privacy-policy\/"]}]},{"@type":"BreadcrumbList","@id":"https:\/\/ibzyachtcharter.com\/en\/privacy-policy\/#breadcrumb","itemListElement":[{"@type":"ListItem","position":1,"name":"Portada","item":"https:\/\/ibzyachtcharter.com\/"},{"@type":"ListItem","position":2,"name":"Privacy Policy"}]},{"@type":"WebSite","@id":"https:\/\/ibzyachtcharter.com\/#website","url":"https:\/\/ibzyachtcharter.com\/","name":"Ibiza Yacht charter - Alquiler de yates en Ibiza","description":"Yacht charter in Ibiza with the best service on board.","alternateName":"IbzYachtCharter Ibiza","potentialAction":[{"@type":"SearchAction","target":{"@type":"EntryPoint","urlTemplate":"https:\/\/ibzyachtcharter.com\/?s={search_term_string}"},"query-input":"required name=search_term_string"}],"inLanguage":"en-US"}]}},"_links":{"self":[{"href":"https:\/\/ibzyachtcharter.com\/en\/wp-json\/wp\/v2\/pages\/2123","targetHints":{"allow":["GET"]}}],"collection":[{"href":"https:\/\/ibzyachtcharter.com\/en\/wp-json\/wp\/v2\/pages"}],"about":[{"href":"https:\/\/ibzyachtcharter.com\/en\/wp-json\/wp\/v2\/types\/page"}],"author":[{"embeddable":true,"href":"https:\/\/ibzyachtcharter.com\/en\/wp-json\/wp\/v2\/users\/1"}],"replies":[{"embeddable":true,"href":"https:\/\/ibzyachtcharter.com\/en\/wp-json\/wp\/v2\/comments?post=2123"}],"version-history":[{"count":1,"href":"https:\/\/ibzyachtcharter.com\/en\/wp-json\/wp\/v2\/pages\/2123\/revisions"}],"predecessor-version":[{"id":3250,"href":"https:\/\/ibzyachtcharter.com\/en\/wp-json\/wp\/v2\/pages\/2123\/revisions\/3250"}],"wp:attachment":[{"href":"https:\/\/ibzyachtcharter.com\/en\/wp-json\/wp\/v2\/media?parent=2123"}],"curies":[{"name":"wp","href":"https:\/\/api.w.org\/{rel}","templated":true}]}}